{"id":217,"date":"2024-03-18T17:51:29","date_gmt":"2024-03-18T17:51:29","guid":{"rendered":"https:\/\/relocations.pt\/?page_id=217"},"modified":"2025-01-20T13:19:14","modified_gmt":"2025-01-20T13:19:14","slug":"compra-tu-propriedad","status":"publish","type":"page","link":"https:\/\/relocations.pt\/?page_id=217","title":{"rendered":"Compra tu Propiedad en Portugal."},"content":{"rendered":"\n<hr class=\"wp-block-separator has-alpha-channel-opacity\"\/>\n\n\n\n<p>   Aqui te ofrecemos una gu\u00eda paso a paso para adquirir una propiedad en Portugal, ya sea que est\u00e9s viviendo en el pa\u00eds o planeando mudarte desde el extranjero. Como agente inmobiliario con amplia experiencia en el mercado portugu\u00e9s, estoy aqu\u00ed para brindarte asesoramiento experto y facilitar el acceso al cr\u00e9dito bancario para la compra de tu nuevo hogar.<\/p>\n\n\n\n<p>    Para aquellos que ya est\u00e1n viviendo en Portugal, o para quienes desean comprar una propiedad antes de mudarse, nuestra asesor\u00eda y experiencia en el proceso de adquisici\u00f3n de bienes ra\u00edces pueden marcar la diferencia. Trabajamos en colaboraci\u00f3n con profesionales especialistas en cr\u00e9dito bancario, quienes te ayudar\u00e1n a evaluar tus opciones financieras y a obtener la mejor oferta de pr\u00e9stamo hipotecario disponible en el mercado.<\/p>\n\n\n\n<p>   A trav\u00e9s de nuestro servicio, te guiaremos paso a paso en el proceso de solicitud de cr\u00e9dito bancario y en la posterior compra de la propiedad deseada. Nuestro enfoque personalizado y profesional te brinda la tranquilidad y la seguridad de que est\u00e1s tomando decisiones informadas y respaldadas por expertos en el campo inmobiliario y financiero.<\/p>\n\n\n\n<p>   Desde la evaluaci\u00f3n de tu capacidad de endeudamiento hasta la b\u00fasqueda y selecci\u00f3n de la propiedad perfecta para ti, nuestro equipo estar\u00e1 contigo en cada etapa del camino. Nos aseguramos de que comprendas todos los aspectos financieros y legales involucrados en la compra de una vivienda en Portugal, para que puedas tomar decisiones con confianza y seguridad.<\/p>\n\n\n\n<p>\u00a1No esperes m\u00e1s para hacer realidad tu sue\u00f1o de ser propietario en Portugal! <\/p>\n\n\n\n<p>   Cont\u00e1ctanos hoy mismo para comenzar tu viaje hacia la adquisici\u00f3n de tu nuevo hogar con la ayuda de profesionales confiables y comprometidos a tu servicio.<\/p>\n\n\n\n<div class=\"wp-block-group alignfull has-text-color has-background is-layout-flow wp-block-group-is-layout-flow\" style=\"color:#000000;background-color:#ffffff\"><div class=\"wp-block-group__inner-container\">\n<div style=\"height:23px\" aria-hidden=\"true\" class=\"wp-block-spacer\"><\/div>\n\n\n\n<div id=\"wp-block-themeisle-blocks-advanced-columns-02d86e0d\" class=\"wp-block-themeisle-blocks-advanced-columns alignfull has-1-columns has-desktop-equal-layout has-tablet-equal-layout has-mobile-collapsedRows-layout has-vertical-center ticss-c00aadba\"><div class=\"wp-block-themeisle-blocks-advanced-columns-overlay\"><\/div><div class=\"innerblocks-wrap\">\n<div id=\"wp-block-themeisle-blocks-advanced-column-853c0cd5\" class=\"wp-block-themeisle-blocks-advanced-column\">\n<p id=\"wp-block-themeisle-blocks-advanced-heading-15dd99e6\" class=\"wp-block-themeisle-blocks-advanced-heading wp-block-themeisle-blocks-advanced-heading-15dd99e6\">  Que necesito saber sobre cr\u00e9dito bancario en Portugal?<\/p>\n<\/div>\n<\/div><\/div>\n\n\n\n<div class=\"wp-block-columns alignwide is-layout-flex wp-container-core-columns-layout-1 wp-block-columns-is-layout-flex\" style=\"margin-bottom:0\">\n<div class=\"wp-block-column has-text-color has-background has-link-color wp-elements-69d90f99a536fe07637bc7119ea4e076 is-layout-flow wp-block-column-is-layout-flow\" style=\"color:#000000;background-color:#d1d1e1;padding-top:2em;padding-right:2em;padding-bottom:2em;padding-left:2em\">\n<h2 class=\"wp-block-heading\" id=\"family\" style=\"font-size:40px\"><strong>EL BANCO<\/strong><\/h2>\n\n\n\n<p class=\"has-normal-font-size\" style=\"line-height:1.5\"><strong>Que es lo que el banco considera importante?<\/strong><\/p>\n\n\n\n<hr class=\"wp-block-separator has-css-opacity is-style-wide\"\/>\n\n\n\n<ul class=\"has-normal-font-size\">\n<li>Hasta 100% de financiamiento.<\/li>\n\n\n\n<li>El plazo depende de tu edad y puede ir hasta los 75 a\u00f1os.<\/li>\n\n\n\n<li>Tasa de esfuerzo de hasta un 30%. <\/li>\n<\/ul>\n\n\n\n<p>Pero que significa todo esto? Como puedo saber mas detalles de cuota y plazo? <\/p>\n\n\n\n<p><\/p>\n\n\n\n<p><\/p>\n\n\n\n<p><\/p>\n\n\n\n<div class=\"wp-block-buttons alignfull is-horizontal is-content-justification-center is-layout-flex wp-container-core-buttons-layout-1 wp-block-buttons-is-layout-flex\">\n<div class=\"wp-block-button has-custom-width wp-block-button__width-100 is-style-fill\"><a class=\"wp-block-button__link has-white-color has-text-color has-background no-border-radius wp-element-button\" style=\"background-color:#000000\">Yo te explico sin compromiso!<\/a><\/div>\n<\/div>\n\n\n\n<div id=\"wp-block-themeisle-blocks-advanced-columns-b7a11dbb\" class=\"wp-block-themeisle-blocks-advanced-columns has-1-columns has-desktop-undefined-layout has-tablet-equal-layout has-mobile-equal-layout has-vertical-unset\"><div class=\"wp-block-themeisle-blocks-advanced-columns-overlay\"><\/div><div class=\"innerblocks-wrap\">\n<div id=\"wp-block-themeisle-blocks-advanced-column-2b1026fd\" class=\"wp-block-themeisle-blocks-advanced-column\"><\/div>\n<\/div><\/div>\n<\/div>\n\n\n\n<div class=\"wp-block-column has-text-color has-background has-link-color wp-elements-0e5e5f19716dfc54cb149b601ff87bc5 is-layout-flow wp-block-column-is-layout-flow\" style=\"color:#000000;background-color:#c0ebf1;padding-top:2em;padding-right:2em;padding-bottom:2em;padding-left:2em\">\n<h2 class=\"wp-block-heading\" id=\"patron\" style=\"font-size:40px\"><strong>EL CLIENTE<\/strong><\/h2>\n\n\n\n<p class=\"has-normal-font-size\"><strong>Que necesito presentar?<\/strong><\/p>\n\n\n\n<hr class=\"wp-block-separator has-css-opacity is-style-wide\"\/>\n\n\n\n<ul class=\"has-normal-font-size\">\n<li>Identificacion<\/li>\n\n\n\n<li>Rentas percibidas <\/li>\n\n\n\n<li>Mapa de responsabilidad del banco de Portugal.<\/li>\n<\/ul>\n\n\n\n<p>Las rentas var\u00edan segun sea uno o mas solicitantes, con renta en Portugal o renta extranjera, dependiente o independiente, etc <\/p>\n\n\n\n<p>Quieres saber mas?<\/p>\n\n\n\n<div class=\"wp-block-buttons alignfull is-horizontal is-content-justification-center is-layout-flex wp-container-core-buttons-layout-2 wp-block-buttons-is-layout-flex\">\n<div class=\"wp-block-button has-custom-width wp-block-button__width-100\"><a class=\"wp-block-button__link has-white-color has-text-color has-background no-border-radius wp-element-button\" style=\"background-color:#000000\">Te entrego la info en detalle!!!<\/a><\/div>\n<\/div>\n<\/div>\n<\/div>\n<\/div><\/div>\n\n\n\n<div id=\"wp-block-themeisle-blocks-advanced-columns-784450ff\" class=\"wp-block-themeisle-blocks-advanced-columns alignfull has-1-columns has-desktop-equal-layout has-tablet-equal-layout has-mobile-collapsedRows-layout has-vertical-center ticss-c00aadba\"><div class=\"wp-block-themeisle-blocks-advanced-columns-overlay\"><\/div><div class=\"innerblocks-wrap\">\n<div id=\"wp-block-themeisle-blocks-advanced-column-d0fbfc0a\" class=\"wp-block-themeisle-blocks-advanced-column\">\n<div id=\"wp-block-themeisle-blocks-advanced-columns-f32a2609\" class=\"wp-block-themeisle-blocks-advanced-columns has-1-columns has-desktop-equal-layout has-tablet-equal-layout has-mobile-equal-layout has-vertical-center\"><div class=\"wp-block-themeisle-blocks-advanced-columns-overlay\"><\/div><div class=\"innerblocks-wrap\">\n<div id=\"wp-block-themeisle-blocks-advanced-column-3567d86b\" class=\"wp-block-themeisle-blocks-advanced-column\">\n<h2 id=\"wp-block-themeisle-blocks-advanced-heading-d5f71f32\" class=\"wp-block-themeisle-blocks-advanced-heading wp-block-themeisle-blocks-advanced-heading-d5f71f32\">                              SABIAS QUE?&#8230;<\/h2>\n\n\n\n<p>     En Portugal, un intermediador bancario es un agente o entidad especializada en servicios financieros, que act\u00faa como intermediario entre los clientes y las instituciones financieras, facilitando la realizaci\u00f3n de transacciones financieras y proporcionando servicios relacionados con productos bancarios y financieros?  <\/p>\n\n\n\n<p>     Estos intermediarios pueden ofrecerte una variedad de servicios, incluyendo asesoramiento en pr\u00e9stamos hipotecarios, con el fin de ayudar a los clientes a encontrar las mejores opciones ajustadas a sus necesidades y simplificar el proceso y maximizar los beneficios. <\/p>\n\n\n\n<p>Es importante tener en cuenta que los intermediarios bancarios est\u00e1n sujetos a regulaciones y normativas espec\u00edficas en Portugal, destinadas a proteger a los consumidores y garantizar la integridad del sistema financiero.<br><\/p>\n<\/div>\n<\/div><\/div>\n\n\n\n<div id=\"wp-block-themeisle-blocks-advanced-columns-8085ff1f\" class=\"wp-block-themeisle-blocks-advanced-columns has-4-columns has-desktop-equal-layout has-tablet-equal-layout has-mobile-collapsedRows-layout has-vertical-top\"><div class=\"wp-block-themeisle-blocks-advanced-columns-overlay\"><\/div><div class=\"innerblocks-wrap\">\n<div id=\"wp-block-themeisle-blocks-advanced-column-dfb15c39\" class=\"wp-block-themeisle-blocks-advanced-column\">\n<div id=\"wp-block-themeisle-blocks-font-awesome-icons-c5fd27f1\" class=\"wp-block-themeisle-blocks-font-awesome-icons\"><span class=\"wp-block-themeisle-blocks-font-awesome-icons-container\"><svg xmlns=\"http:\/\/www.w3.org\/2000\/svg\" viewBox=\"0 0 1800 1800\"><path d=\"M1711.665,9.238H88.343c-43.62,0-79.105,35.478-79.105,79.089v1623.338 c0,43.611,35.486,79.099,79.105,79.099h1623.322c43.611,0,79.099-35.487,79.099-79.099V88.327 C1790.764,44.715,1755.276,9.238,1711.665,9.238z M1209.058,73.28h220.448v608.01l-85.529-109.984 c-5.927-7.619-15.038-12.079-24.69-12.079s-18.765,4.456-24.69,12.079l-85.538,109.988V73.28z M71.796,1711.665V88.327 c0-9.112,7.423-16.53,16.547-16.53h245.4v1656.407h-245.4C79.219,1728.203,71.796,1720.785,71.796,1711.665z M504.532,1728.203 h-108.23V71.796h108.23V1728.203z M1728.203,1711.665c0,9.12-7.418,16.538-16.538,16.538H567.09V71.796h579.409v700.058 c0,17.277,13.999,31.28,31.279,31.28h0.479c9.662,0,18.773-4.459,24.7-12.079l116.328-149.594l116.319,149.594 c5.926,7.62,15.039,12.079,24.69,12.079h0.489c17.271,0,31.278-14.003,31.278-31.28V71.796h219.602 c9.12,0,16.538,7.418,16.538,16.53V1711.665z\"><\/path><\/svg><\/span><\/div>\n\n\n\n<h3 id=\"wp-block-themeisle-blocks-advanced-heading-3147d135\" class=\"wp-block-themeisle-blocks-advanced-heading wp-block-themeisle-blocks-advanced-heading-3147d135\"><strong>Acceso a una Amplia Gama de Productos y Servicios<\/strong>:<\/h3>\n\n\n\n<p class=\"has-text-align-center\">Los intermediarios bancarios en Portugal tienen acceso a una amplia gama de productos financieros ofrecidos por diversas instituciones bancarias. Esto significa que pueden ayudarte a encontrar las mejores opciones que se adapten a tus necesidades espec\u00edficas, ya sea que est\u00e9s buscando abrir una cuenta bancaria, obtener un pr\u00e9stamo hipotecario o invertir en el mercado financiero.<\/p>\n\n\n\n<p><\/p>\n<\/div>\n\n\n\n<div id=\"wp-block-themeisle-blocks-advanced-column-ec09b220\" class=\"wp-block-themeisle-blocks-advanced-column ticss-ec09b220\">\n<div id=\"wp-block-themeisle-blocks-font-awesome-icons-1225333d\" class=\"wp-block-themeisle-blocks-font-awesome-icons\"><span class=\"wp-block-themeisle-blocks-font-awesome-icons-container\"><svg xmlns=\"http:\/\/www.w3.org\/2000\/svg\" viewBox=\"0 0 1800 1800\"><path d=\"M1709.277,268.688h-515.642c1.962-7.174,3.1-14.691,3.1-22.48v-74.93c0-47.103-38.321-85.424-85.424-85.424 H688.688c-47.103,0-85.423,38.321-85.423,85.424v74.93c0,7.789,1.137,15.306,3.1,22.48H90.723 c-47.103,0-85.424,38.321-85.424,85.424v659.412c0,47.103,38.321,85.424,85.424,85.424h43.563c-1.962,7.179-3.1,14.691-3.1,22.48 v507.295c0,47.103,38.321,85.424,85.424,85.424H1583.39c47.103,0,85.424-38.321,85.424-85.424v-507.295 c0-7.789-1.137-15.302-3.1-22.48h43.563c47.103,0,85.424-38.321,85.424-85.424V354.111 C1794.701,307.009,1756.38,268.688,1709.277,268.688z M1433.147,1036.004v62.943v54.413c0,12.395-10.085,22.479-22.479,22.479 h-47.959c-12.395,0-22.48-10.085-22.48-22.479v-54.413v-62.943v-92.919c0-12.395,10.086-22.479,22.48-22.479h47.959 c12.395,0,22.479,10.085,22.479,22.479V1036.004z M666.209,246.208v-74.93c0-12.395,10.085-22.48,22.479-22.48h422.623 c12.395,0,22.479,10.085,22.479,22.48v74.93c0,12.395-10.085,22.48-22.479,22.48H688.688 C676.294,268.688,666.209,258.602,666.209,246.208z M688.688,331.631h422.623h243.902v526.408 c-43.599,3.815-77.929,40.473-77.929,85.046v92.919H522.71v-92.919c0-44.573-34.33-81.23-77.933-85.046V331.631H688.688z M459.767,1098.947v54.413c0,12.395-10.085,22.479-22.479,22.479h-47.959c-12.395,0-22.48-10.085-22.48-22.479v-54.413v-62.943 v-92.919c0-12.395,10.085-22.479,22.48-22.479h47.959c12.395,0,22.479,10.085,22.479,22.479v92.919V1098.947z M90.723,1036.004 c-12.395,0-22.479-10.086-22.479-22.48V354.111c0-12.395,10.085-22.48,22.479-22.48h291.111v526.408 c-43.599,3.815-77.929,40.473-77.929,85.046v92.919H216.61H90.723z M1605.87,1121.428v507.295c0,12.395-10.086,22.48-22.48,22.48 H216.61c-12.395,0-22.48-10.086-22.48-22.48v-507.295c0-12.396,10.085-22.48,22.48-22.48h87.294v54.413 c0,47.103,38.321,85.424,85.424,85.424h47.959c47.102,0,85.423-38.321,85.423-85.424v-54.413h754.575v54.413 c0,47.103,38.321,85.424,85.424,85.424h47.959c47.103,0,85.423-38.321,85.423-85.424v-54.413h87.299 C1595.784,1098.947,1605.87,1109.032,1605.87,1121.428z M1731.757,1013.523c0,12.395-10.085,22.48-22.479,22.48H1583.39h-87.299 v-92.919c0-44.573-34.33-81.23-77.933-85.046V331.631h291.119c12.395,0,22.479,10.085,22.479,22.48V1013.523z\"><\/path><\/svg><\/span><\/div>\n\n\n\n<h3 class=\"wp-block-heading\"><strong>Asesoramiento Personalizado y Expertise Profesional:<\/strong><\/h3>\n\n\n\n<p class=\"has-text-align-center\">Los intermediarios financieros est\u00e1n capacitados para proporcionar asesoramiento personalizado y expertise profesional en materia financiera. Te guiar\u00e1n a trav\u00e9s de las complejidades del sistema bancario portugu\u00e9s, te ayudar\u00e1n a comprender las diferentes opciones disponibles y te brindar\u00e1n recomendaciones basadas en tu situaci\u00f3n financiera y objetivos.<\/p>\n\n\n\n<div class=\"wp-block-buttons is-vertical is-content-justification-center is-layout-flex wp-container-core-buttons-layout-3 wp-block-buttons-is-layout-flex\"><\/div>\n<\/div>\n\n\n\n<div id=\"wp-block-themeisle-blocks-advanced-column-f2ed3d7a\" class=\"wp-block-themeisle-blocks-advanced-column ticss-ec09b220\">\n<div id=\"wp-block-themeisle-blocks-font-awesome-icons-c2f58a51\" class=\"wp-block-themeisle-blocks-font-awesome-icons\"><span class=\"wp-block-themeisle-blocks-font-awesome-icons-container\"><svg xmlns=\"http:\/\/www.w3.org\/2000\/svg\" viewBox=\"0 0 1800 1800\"><path d=\"M955.577,469.95c0.991-11.551-4.471-23.208-15.062-29.614c-5.422-3.281-11.499-4.721-17.316-4.527 c-11.915,0.347-22.164,7.318-27.2,17.36L616.275,915.595c-5.874,9.714-6.063,21.831-0.487,31.72s16.044,16.004,27.394,16.004 h172.294v399.955c0,14.18,9.498,26.612,23.186,30.342c2.742,0.746,5.519,1.105,8.261,1.105c10.941,0,21.356-5.729,27.104-15.504 l309.898-526.839c5.721-9.722,5.796-21.765,0.193-31.557c-5.598-9.792-16.018-15.833-27.297-15.833H955.577V469.95z M1101.838,867.882l-223.467,379.902V931.871c0-17.373-14.079-31.449-31.447-31.449H698.957l193.726-320.252v256.265 c0,17.369,14.079,31.447,31.448,31.447H1101.838z\"><\/path><path d=\"M1507.236,278.071h-346.672V33.419c0-17.369-14.078-31.447-31.447-31.447H670.883 c-17.369,0-31.447,14.079-31.447,31.447v244.652H292.764c-17.369,0-31.447,14.079-31.447,31.447v1457.061 c0,17.374,14.078,31.448,31.447,31.448h1214.473c17.369,0,31.447-14.074,31.447-31.448V309.519 C1538.684,292.15,1524.605,278.071,1507.236,278.071z M702.33,64.867h395.34v213.205H702.33V64.867z M1475.789,1735.132H324.211 v-182.095h1151.578V1735.132z M1475.789,1490.143H324.211V340.966h346.672h458.234h346.672V1490.143z\"><\/path><\/svg><\/span><\/div>\n\n\n\n<h3 id=\"wp-block-themeisle-blocks-advanced-heading-cd5578ac\" class=\"wp-block-themeisle-blocks-advanced-heading wp-block-themeisle-blocks-advanced-heading-cd5578ac\"><strong>Ahorro de Tiempo y Esfuerzo<\/strong><\/h3>\n\n\n\n<p class=\"has-text-align-center\">Al trabajar con un intermediario bancario, te ahorrar\u00e1s el tiempo y el esfuerzo que implicar\u00eda investigar y comparar por tu cuenta las diferentes opciones bancarias disponibles en Portugal. tambi\u00e9n se encargar\u00e1 de todo el proceso por ti, desde la b\u00fasqueda de productos financieros hasta la gesti\u00f3n de la documentaci\u00f3n necesaria, lo que te permitir\u00e1 concentrarte en otros aspectos importantes de tu d\u00eda a d\u00eda.<\/p>\n\n\n\n<div class=\"wp-block-buttons is-vertical is-content-justification-center is-layout-flex wp-container-core-buttons-layout-4 wp-block-buttons-is-layout-flex\"><\/div>\n<\/div>\n\n\n\n<div id=\"wp-block-themeisle-blocks-advanced-column-adbc5601\" class=\"wp-block-themeisle-blocks-advanced-column\">\n<div id=\"wp-block-themeisle-blocks-font-awesome-icons-2851bd4e\" class=\"wp-block-themeisle-blocks-font-awesome-icons\"><span class=\"wp-block-themeisle-blocks-font-awesome-icons-container\"><svg xmlns=\"http:\/\/www.w3.org\/2000\/svg\" viewBox=\"0 0 1800 1800\"><path d=\"M1786.11,816.827c-0.656-2.722-1.644-5.309-2.966-7.695c0-0.009-0.004-0.017-0.004-0.017L1544.37,376.403 c-0.035-0.065-0.069-0.13-0.104-0.196l-0.052-0.091c-0.083-0.152-0.183-0.283-0.266-0.43c-0.073-0.122-0.152-0.244-0.222-0.365 c-0.252-0.426-0.504-0.861-0.782-1.283c-0.101-0.157-0.2-0.317-0.309-0.469c-0.191-0.283-0.404-0.544-0.604-0.813 c-0.287-0.4-0.578-0.8-0.892-1.187c-0.104-0.126-0.204-0.257-0.313-0.383c-0.257-0.313-0.535-0.604-0.805-0.9 c-0.296-0.331-0.587-0.657-0.896-0.974c-0.108-0.108-0.218-0.217-0.33-0.326c-0.331-0.326-0.679-0.635-1.022-0.943 c-0.282-0.256-0.556-0.517-0.848-0.761c-0.13-0.104-0.256-0.208-0.383-0.313c-0.404-0.326-0.821-0.626-1.234-0.93 c-0.261-0.188-0.504-0.387-0.773-0.57c-0.148-0.104-0.305-0.205-0.461-0.309c-0.435-0.283-0.883-0.543-1.331-0.804 c-0.112-0.069-0.226-0.144-0.339-0.209c-0.147-0.083-0.278-0.183-0.422-0.261c-0.013-0.009-0.03-0.013-0.043-0.021 c-0.17-0.092-0.344-0.179-0.514-0.266c-0.387-0.204-0.791-0.387-1.187-0.574c-0.526-0.248-1.052-0.496-1.591-0.717 c-0.356-0.148-0.727-0.27-1.092-0.4c-0.582-0.213-1.161-0.421-1.761-0.6c-0.392-0.117-0.791-0.204-1.183-0.305 c-0.47-0.121-0.931-0.265-1.408-0.36c-0.109-0.026-0.222-0.035-0.335-0.052c-0.426-0.087-0.861-0.139-1.291-0.2 c-0.487-0.078-0.975-0.174-1.461-0.222c0,0-0.03,0-0.044-0.004c-0.052,0-0.104,0-0.156-0.009c-0.521-0.048-1.052-0.061-1.583-0.087 c-0.443-0.018-0.882-0.057-1.321-0.057l-0.087-0.004h-0.087c-0.087,0-0.17,0-0.252,0H931.164V227.699 c46.116-13.509,79.902-56.168,79.902-106.597c0-61.246-49.829-111.075-111.075-111.075c-61.246,0-111.074,49.829-111.074,111.075 c0,50.433,33.794,93.097,79.919,106.605v132.3H283.351c0,0-0.061,0-0.091,0h-0.188h-0.043c-0.644,0-1.287,0.052-1.931,0.091 c-0.305,0.018-0.613,0.022-0.917,0.048c-0.757,0.07-1.509,0.191-2.257,0.313c-0.235,0.043-0.465,0.065-0.695,0.108 c-0.718,0.139-1.426,0.322-2.14,0.509c-0.27,0.074-0.548,0.13-0.817,0.209c-0.7,0.208-1.382,0.452-2.061,0.704 c-0.261,0.1-0.53,0.183-0.787,0.287c-0.635,0.261-1.248,0.548-1.865,0.843c-0.304,0.148-0.617,0.287-0.917,0.443 c-0.196,0.1-0.392,0.196-0.583,0.3c-0.013,0.009-0.031,0.013-0.043,0.021c-0.144,0.078-0.274,0.178-0.422,0.261 c-0.174,0.1-0.339,0.209-0.509,0.309c-0.369,0.222-0.743,0.435-1.1,0.67c-0.174,0.113-0.353,0.226-0.522,0.343 c-0.3,0.205-0.574,0.426-0.861,0.639c-0.37,0.274-0.743,0.535-1.1,0.826c-0.144,0.117-0.287,0.23-0.431,0.348 c-0.313,0.266-0.609,0.543-0.913,0.822c-0.313,0.278-0.626,0.556-0.926,0.852c-0.122,0.117-0.239,0.235-0.361,0.356 c-0.326,0.331-0.63,0.679-0.939,1.022c-0.248,0.274-0.504,0.543-0.739,0.831c-0.113,0.13-0.227,0.27-0.335,0.404 c-0.322,0.399-0.622,0.813-0.917,1.222c-0.191,0.256-0.387,0.5-0.565,0.765c-0.113,0.157-0.218,0.322-0.322,0.483 c-0.278,0.422-0.53,0.856-0.782,1.283c-0.078,0.13-0.156,0.256-0.235,0.387c-0.078,0.144-0.174,0.266-0.252,0.409l-0.052,0.091 c-0.035,0.065-0.069,0.131-0.104,0.196L16.864,809.11c-0.004,0.004-0.008,0.013-0.008,0.021c-1.322,2.387-2.309,4.974-2.965,7.695 c-0.587,2.418-0.9,4.861-0.905,7.296c0,0.013,0,0.026,0,0.039c0,148.932,121.162,270.094,270.092,270.094 c148.925,0,270.086-121.162,270.086-270.094c0-0.013-0.004-0.026-0.004-0.039c0-2.435-0.313-4.878-0.9-7.296 c-0.657-2.722-1.648-5.309-2.965-7.695c-0.004-0.009-0.004-0.017-0.004-0.017L335.862,422.336h532.974v933.441 c0,3.356,0.548,6.582,1.53,9.617c-116.218,12.348-208.584,96.527-226.327,205.889H434.676c-17.212,0-31.165,13.947-31.165,31.164 v156.36c0,17.208,13.952,31.164,31.165,31.164h930.643c17.213,0,31.164-13.956,31.164-31.164v-156.36 c0-17.217-13.951-31.164-31.164-31.164h-209.362c-17.747-109.361-110.109-193.533-226.323-205.889 c0.982-3.035,1.53-6.261,1.53-9.617V422.336h532.974L1250.715,809.11c0,0-0.005,0.013-0.009,0.021 c-1.317,2.387-2.309,4.974-2.965,7.695c-0.587,2.418-0.9,4.861-0.9,7.296c0,0.013-0.004,0.026-0.004,0.039 c0,148.932,121.161,270.094,270.086,270.094c148.931,0,270.092-121.162,270.092-270.094c0-0.013,0-0.026,0-0.039 C1787.01,821.688,1786.697,819.245,1786.11,816.827z M283.072,455.679l186.133,337.319H96.939L283.072,455.679z M283.077,1031.927 c-103.975,0-190.355-76.763-205.433-176.601h410.86C473.427,955.164,387.047,1031.927,283.077,1031.927z M851.245,121.103 c0-26.877,21.869-48.746,48.746-48.746c26.878,0,48.746,21.869,48.746,48.746c0,26.882-21.868,48.755-48.746,48.755 C873.114,169.857,851.245,147.984,851.245,121.103z M1334.155,1727.643H465.84v-94.031h206.333h455.65h206.332V1727.643z M1092.567,1571.283H707.428c18.704-83.589,97.532-145.187,192.567-145.187S1073.859,1487.694,1092.567,1571.283z M1703.061,792.998 h-372.266l186.133-337.319L1703.061,792.998z M1516.923,1031.927c-103.97,0-190.35-76.763-205.428-176.601h410.86 C1707.278,955.164,1620.898,1031.927,1516.923,1031.927z\"><\/path><\/svg><\/span><\/div>\n\n\n\n<h3 id=\"wp-block-themeisle-blocks-advanced-heading-bacc3ab4\" class=\"wp-block-themeisle-blocks-advanced-heading wp-block-themeisle-blocks-advanced-heading-bacc3ab4\"><strong>Negociaci\u00f3n de Condiciones Favorables<\/strong><\/h3>\n\n\n\n<p class=\"has-text-align-center\">Los intermediarios financieros pueden negociar condiciones favorables en tu nombre con las instituciones bancarias, lo que puede resultar en tasas de inter\u00e9s m\u00e1s bajas, menores comisiones y mejores t\u00e9rminos para tus productos financieros. Esto puede traducirse en ahorros significativos a largo plazo y una experiencia bancaria m\u00e1s rentable.<\/p>\n\n\n\n<p><\/p>\n\n\n\n<div class=\"wp-block-buttons is-vertical is-content-justification-center is-layout-flex wp-container-core-buttons-layout-5 wp-block-buttons-is-layout-flex\"><\/div>\n<\/div>\n<\/div><\/div>\n<\/div>\n<\/div><\/div>\n\n\n\n<div class=\"wp-block-group has-text-color has-background is-layout-flow wp-block-group-is-layout-flow\" style=\"color:#000000;background-color:#ffffff\"><div class=\"wp-block-group__inner-container\">\n<p class=\"has-text-align-center has-large-font-size\" style=\"line-height:.9\"><strong>QUIERES SABER MAS?<\/strong><\/p>\n\n\n\n<p class=\"has-text-align-center\">     Con mi experiencia como agente inmobiliario en Portugal, te ofrezco asesor\u00eda completa para la compra de tu propiedad ideal. Desde la elecci\u00f3n del lugar perfecto hasta la b\u00fasqueda, gesti\u00f3n del cr\u00e9dito, revisi\u00f3n de documentos legales y entrega del inmueble, te acompa\u00f1o en todo el proceso, asegurando una transici\u00f3n sin problemas.<\/p>\n\n\n\n<h2 class=\"wp-block-heading has-text-align-center\" id=\"schedule-a-visit\" style=\"font-size:36px;line-height:1.15\"><strong>HABLEMOS!<\/strong><\/h2>\n\n\n\n<div class=\"wp-block-buttons is-horizontal is-content-justification-center is-layout-flex wp-container-core-buttons-layout-6 wp-block-buttons-is-layout-flex\">\n<div class=\"wp-block-button has-custom-width wp-block-button__width-50\"><a class=\"wp-block-button__link has-text-color has-background wp-element-button\" href=\"https:\/\/wa.me\/351913318452\" style=\"border-radius:50px;color:#ffffff;background-color:#000000\" target=\"_blank\" rel=\"noreferrer noopener\">Cont\u00e1ctanos<\/a><\/div>\n<\/div>\n\n\n\n<div style=\"height:64px\" aria-hidden=\"true\" class=\"wp-block-spacer\"><\/div>\n<\/div><\/div>\n","protected":false},"excerpt":{"rendered":"<p>Aqui te ofrecemos una gu\u00eda paso a paso para adquirir una propiedad en Portugal, ya sea que est\u00e9s viviendo en el pa\u00eds o planeando mudarte desde el extranjero. Como agente inmobiliario con amplia experiencia en el mercado portugu\u00e9s, estoy aqu\u00ed para brindarte asesoramiento experto y facilitar el acceso al cr\u00e9dito [&hellip;]<\/p>\n","protected":false},"author":2,"featured_media":57,"parent":12,"menu_order":0,"comment_status":"closed","ping_status":"closed","template":"","meta":{"_themeisle_gutenberg_block_has_review":false,"footnotes":""},"_links":{"self":[{"href":"https:\/\/relocations.pt\/index.php?rest_route=\/wp\/v2\/pages\/217"}],"collection":[{"href":"https:\/\/relocations.pt\/index.php?rest_route=\/wp\/v2\/pages"}],"about":[{"href":"https:\/\/relocations.pt\/index.php?rest_route=\/wp\/v2\/types\/page"}],"author":[{"embeddable":true,"href":"https:\/\/relocations.pt\/index.php?rest_route=\/wp\/v2\/users\/2"}],"replies":[{"embeddable":true,"href":"https:\/\/relocations.pt\/index.php?rest_route=%2Fwp%2Fv2%2Fcomments&post=217"}],"version-history":[{"count":30,"href":"https:\/\/relocations.pt\/index.php?rest_route=\/wp\/v2\/pages\/217\/revisions"}],"predecessor-version":[{"id":563,"href":"https:\/\/relocations.pt\/index.php?rest_route=\/wp\/v2\/pages\/217\/revisions\/563"}],"up":[{"embeddable":true,"href":"https:\/\/relocations.pt\/index.php?rest_route=\/wp\/v2\/pages\/12"}],"wp:featuredmedia":[{"embeddable":true,"href":"https:\/\/relocations.pt\/index.php?rest_route=\/wp\/v2\/media\/57"}],"wp:attachment":[{"href":"https:\/\/relocations.pt\/index.php?rest_route=%2Fwp%2Fv2%2Fmedia&parent=217"}],"curies":[{"name":"wp","href":"https:\/\/api.w.org\/{rel}","templated":true}]}}